{"id":190,"date":"2021-04-12T09:53:07","date_gmt":"2021-04-12T08:53:07","guid":{"rendered":"https:\/\/www.geodatenhafen.at\/?page_id=190"},"modified":"2021-04-15T19:39:28","modified_gmt":"2021-04-15T18:39:28","slug":"geodatenhafen","status":"publish","type":"page","link":"https:\/\/www.geodatenhafen.at\/","title":{"rendered":"Geodatenhafen"},"content":{"rendered":"\n<div class=\"wp-block-columns alignwide\">\n<div class=\"wp-block-column\" style=\"flex-basis:100%\">\n<p style=\"font-size:32px\">Geodatenhafen. <br>GIS-Expertise f\u00fcr die Planungspraxis.<\/p>\n<\/div>\n<\/div>\n\n\n\n<div style=\"height:26px\" aria-hidden=\"true\" class=\"wp-block-spacer\"><\/div>\n\n\n\n<div class=\"wp-block-media-text alignwide is-stacked-on-mobile is-vertically-aligned-center is-image-fill is-style-twentytwentyone-border\" style=\"grid-template-columns:47% auto\"><figure class=\"wp-block-media-text__media\" style=\"background-image:url(https:\/\/www.geodatenhafen.at\/wp-content\/uploads\/2020\/11\/ausschnitt_wdmg_noe-1024x724.png);background-position:50% 50%\"><img width=\"1024\" height=\"724\" src=\"https:\/\/www.geodatenhafen.at\/wp-content\/uploads\/2020\/11\/ausschnitt_wdmg_noe-1024x724.png\" alt=\"\" class=\"wp-image-10 size-full\" srcset=\"https:\/\/www.geodatenhafen.at\/wp-content\/uploads\/2020\/11\/ausschnitt_wdmg_noe-1024x724.png 1024w, https:\/\/www.geodatenhafen.at\/wp-content\/uploads\/2020\/11\/ausschnitt_wdmg_noe-300x212.png 300w, https:\/\/www.geodatenhafen.at\/wp-content\/uploads\/2020\/11\/ausschnitt_wdmg_noe-768x543.png 768w, https:\/\/www.geodatenhafen.at\/wp-content\/uploads\/2020\/11\/ausschnitt_wdmg_noe-1536x1086.png 1536w, https:\/\/www.geodatenhafen.at\/wp-content\/uploads\/2020\/11\/ausschnitt_wdmg_noe-2048x1448.png 2048w, https:\/\/www.geodatenhafen.at\/wp-content\/uploads\/2020\/11\/ausschnitt_wdmg_noe-1200x848.png 1200w, https:\/\/www.geodatenhafen.at\/wp-content\/uploads\/2020\/11\/ausschnitt_wdmg_noe-1980x1400.png 1980w\" sizes=\"(max-width: 1024px) 100vw, 1024px\" \/><\/figure><div class=\"wp-block-media-text__content\">\n<p style=\"font-size:32px;line-height:1.5\">WebGIS<\/p>\n\n\n\n<p>Ihre Geodateninfrastruktur zur Publizierung von Kartenprojekten. Ob in Eigenregie oder mit unserer Hilfe, bestimmen Sie. <\/p>\n\n\n\n<p>Wir bieten Ihnen eine Onlineplattform, die Sie selbst oder mit unserer Hilfe verwalten k\u00f6nnen.<\/p>\n\n\n\n<div class=\"wp-block-buttons is-content-justification-right\">\n<div class=\"wp-block-button has-custom-width wp-block-button__width-100 is-style-outline\" id=\"webgis-portal\"><a class=\"wp-block-button__link\" href=\"https:\/\/port.geodatenhafen.at\" style=\"border-radius:15px\" target=\"_blank\" rel=\"noreferrer noopener\">WebGIS-Portal<\/a><\/div>\n<\/div>\n<\/div><\/div>\n\n\n\n<div style=\"height:26px\" aria-hidden=\"true\" class=\"wp-block-spacer\"><\/div>\n\n\n\n<div class=\"wp-block-media-text alignwide has-media-on-the-right is-stacked-on-mobile is-vertically-aligned-center is-image-fill is-style-twentytwentyone-border\" style=\"grid-template-columns:auto 48%\"><figure class=\"wp-block-media-text__media\" style=\"background-image:url(https:\/\/www.geodatenhafen.at\/wp-content\/uploads\/2021\/04\/Geoanalyse1-1-1024x724.png);background-position:50% 50%\"><img width=\"1024\" height=\"724\" src=\"https:\/\/www.geodatenhafen.at\/wp-content\/uploads\/2021\/04\/Geoanalyse1-1-1024x724.png\" alt=\"\" class=\"wp-image-303 size-full\" srcset=\"https:\/\/www.geodatenhafen.at\/wp-content\/uploads\/2021\/04\/Geoanalyse1-1-1024x724.png 1024w, https:\/\/www.geodatenhafen.at\/wp-content\/uploads\/2021\/04\/Geoanalyse1-1-300x212.png 300w, https:\/\/www.geodatenhafen.at\/wp-content\/uploads\/2021\/04\/Geoanalyse1-1-768x543.png 768w, https:\/\/www.geodatenhafen.at\/wp-content\/uploads\/2021\/04\/Geoanalyse1-1-1536x1086.png 1536w, https:\/\/www.geodatenhafen.at\/wp-content\/uploads\/2021\/04\/Geoanalyse1-1-2048x1448.png 2048w, https:\/\/www.geodatenhafen.at\/wp-content\/uploads\/2021\/04\/Geoanalyse1-1-1568x1108.png 1568w\" sizes=\"(max-width: 1024px) 100vw, 1024px\" \/><\/figure><div class=\"wp-block-media-text__content\">\n<p class=\"has-text-align-right\" style=\"font-size:32px;line-height:1.5\">Geoanalyse<\/p>\n\n\n\n<p class=\"has-text-align-right\"> Ihr Poblem l\u00e4sst sich nicht verr\u00e4umlichen? Dann sind Sie hier falsch. F\u00fcr alle anderen Angelegenheiten hingegen goldrichtig. Raumwirksame Entscheidungen ben\u00f6tigen raumbezogene Analysen.<\/p>\n\n\n\n<p class=\"has-text-align-right\">Dazu z\u00e4hlen Standortanalysen oder Erreichbarkeitsanalysen f\u00fcr die Suche eines geeigneten Standorts. <\/p>\n\n\n\n<div class=\"wp-block-buttons\">\n<div class=\"wp-block-button has-custom-width wp-block-button__width-100 is-style-outline\"><a class=\"wp-block-button__link\" href=\"mailto:office@geodatenhafen.at\" style=\"border-radius:15px\" target=\"_blank\" rel=\"noreferrer noopener\">Sie wollen mehr wissen? Schreiben Sie uns unverbindlich<\/a><\/div>\n<\/div>\n<\/div><\/div>\n\n\n\n<div style=\"height:26px\" aria-hidden=\"true\" class=\"wp-block-spacer\"><\/div>\n\n\n\n<div class=\"wp-block-media-text alignwide is-stacked-on-mobile is-vertically-aligned-center is-image-fill is-style-twentytwentyone-border\" style=\"grid-template-columns:48% auto\"><figure class=\"wp-block-media-text__media\" style=\"background-image:url(https:\/\/www.geodatenhafen.at\/wp-content\/uploads\/2021\/04\/cropped-ortsplan_example2.png);background-position:50% 50%\"><img width=\"512\" height=\"512\" src=\"https:\/\/www.geodatenhafen.at\/wp-content\/uploads\/2021\/04\/cropped-ortsplan_example2.png\" alt=\"\" class=\"wp-image-231 size-full\" srcset=\"https:\/\/www.geodatenhafen.at\/wp-content\/uploads\/2021\/04\/cropped-ortsplan_example2.png 512w, https:\/\/www.geodatenhafen.at\/wp-content\/uploads\/2021\/04\/cropped-ortsplan_example2-300x300.png 300w, https:\/\/www.geodatenhafen.at\/wp-content\/uploads\/2021\/04\/cropped-ortsplan_example2-150x150.png 150w, https:\/\/www.geodatenhafen.at\/wp-content\/uploads\/2021\/04\/cropped-ortsplan_example2-270x270.png 270w, https:\/\/www.geodatenhafen.at\/wp-content\/uploads\/2021\/04\/cropped-ortsplan_example2-192x192.png 192w, https:\/\/www.geodatenhafen.at\/wp-content\/uploads\/2021\/04\/cropped-ortsplan_example2-180x180.png 180w, https:\/\/www.geodatenhafen.at\/wp-content\/uploads\/2021\/04\/cropped-ortsplan_example2-32x32.png 32w\" sizes=\"(max-width: 512px) 100vw, 512px\" \/><\/figure><div class=\"wp-block-media-text__content\">\n<p style=\"font-size:32px;line-height:1.5\">Kartografie<\/p>\n\n\n\n<p>Wir kreieren f\u00fcr Sie Karten und Plandarstellung nach Ihren Vorstellungen. <\/p>\n\n\n\n<p>Wir erstellen zum Beispiele Ortspl\u00e4ne oder andere Kartenwerke. Aber Sie k\u00f6nnen uns auch kontaktieren, wenn Sie eine kartografische Grafik als Geschenk ben\u00f6tigen.<\/p>\n\n\n\n<div class=\"wp-block-buttons\">\n<div class=\"wp-block-button is-style-outline\"><a class=\"wp-block-button__link\" href=\"mailto:office@geodatenhafen.at\" style=\"border-radius:15px\" target=\"_blank\" rel=\"noreferrer noopener\">Sie wissen genau was, aber nicht wie? Schreiben Sie uns<\/a><\/div>\n<\/div>\n<\/div><\/div>\n\n\n\n<div style=\"height:26px\" aria-hidden=\"true\" class=\"wp-block-spacer\"><\/div>\n\n\n\n<div class=\"wp-block-media-text alignwide has-media-on-the-right is-stacked-on-mobile is-vertically-aligned-center is-image-fill is-style-twentytwentyone-border\" style=\"grid-template-columns:auto 48%\"><figure class=\"wp-block-media-text__media\" style=\"background-image:url(https:\/\/www.geodatenhafen.at\/wp-content\/uploads\/2021\/04\/2d3d-1024x587.png);background-position:33% 56.00000000000001%\"><img width=\"1024\" height=\"587\" src=\"https:\/\/www.geodatenhafen.at\/wp-content\/uploads\/2021\/04\/2d3d-1024x587.png\" alt=\"\" class=\"wp-image-308 size-full\" srcset=\"https:\/\/www.geodatenhafen.at\/wp-content\/uploads\/2021\/04\/2d3d-1024x587.png 1024w, https:\/\/www.geodatenhafen.at\/wp-content\/uploads\/2021\/04\/2d3d-300x172.png 300w, https:\/\/www.geodatenhafen.at\/wp-content\/uploads\/2021\/04\/2d3d-768x441.png 768w, https:\/\/www.geodatenhafen.at\/wp-content\/uploads\/2021\/04\/2d3d-1536x881.png 1536w, https:\/\/www.geodatenhafen.at\/wp-content\/uploads\/2021\/04\/2d3d-2048x1175.png 2048w, https:\/\/www.geodatenhafen.at\/wp-content\/uploads\/2021\/04\/2d3d-1568x899.png 1568w\" sizes=\"(max-width: 1024px) 100vw, 1024px\" \/><\/figure><div class=\"wp-block-media-text__content\">\n<p class=\"has-text-align-right\" style=\"font-size:32px;line-height:1.5\">QGIS Support<\/p>\n\n\n\n<p class=\"has-text-align-right\">Sie verwenden QGIS und ben\u00f6tigen Unterst\u00fctzung? Wir bieten Support und Schulungen f\u00fcr QGIS Desktop. <\/p>\n\n\n\n<p class=\"has-text-align-right\">Wir bieten Ihnen einmaligen und laufenden Support an. Auch Schulungen k\u00f6nnen Sie bei uns buchen.<\/p>\n\n\n\n<div class=\"wp-block-buttons\">\n<div class=\"wp-block-button has-custom-width wp-block-button__width-100 is-style-outline\"><a class=\"wp-block-button__link has-black-color has-text-color\" href=\"mailto:office@geodatenhafen.at\" style=\"border-radius:15px\" target=\"_blank\" rel=\"noreferrer noopener\">Die m\u00e4chtige Open Source GIS Alternative. Hilfe n\u00f6tig?<\/a><\/div>\n<\/div>\n<\/div><\/div>\n\n\n\n<p><\/p>\n","protected":false},"excerpt":{"rendered":"<p>Geodatenhafen. GIS-Expertise f\u00fcr die Planungspraxis.<\/p>\n","protected":false},"author":1,"featured_media":0,"parent":0,"menu_order":0,"comment_status":"closed","ping_status":"closed","template":"","meta":[],"_links":{"self":[{"href":"https:\/\/www.geodatenhafen.at\/index.php\/wp-json\/wp\/v2\/pages\/190"}],"collection":[{"href":"https:\/\/www.geodatenhafen.at\/index.php\/wp-json\/wp\/v2\/pages"}],"about":[{"href":"https:\/\/www.geodatenhafen.at\/index.php\/wp-json\/wp\/v2\/types\/page"}],"author":[{"embeddable":true,"href":"https:\/\/www.geodatenhafen.at\/index.php\/wp-json\/wp\/v2\/users\/1"}],"replies":[{"embeddable":true,"href":"https:\/\/www.geodatenhafen.at\/index.php\/wp-json\/wp\/v2\/comments?post=190"}],"version-history":[{"count":33,"href":"https:\/\/www.geodatenhafen.at\/index.php\/wp-json\/wp\/v2\/pages\/190\/revisions"}],"predecessor-version":[{"id":395,"href":"https:\/\/www.geodatenhafen.at\/index.php\/wp-json\/wp\/v2\/pages\/190\/revisions\/395"}],"wp:attachment":[{"href":"https:\/\/www.geodatenhafen.at\/index.php\/wp-json\/wp\/v2\/media?parent=190"}],"curies":[{"name":"wp","href":"https:\/\/api.w.org\/{rel}","templated":true}]}}